{"id":17050,"date":"2025-02-07T08:13:13","date_gmt":"2025-02-07T08:13:13","guid":{"rendered":"https:\/?post_type=product&#038;p=17050"},"modified":"2026-01-20T13:55:10","modified_gmt":"2026-01-20T13:55:10","slug":"la-aviacion-militar-espanola-de-los-pioneros-al-poder-espacial","status":"publish","type":"product","link":"https:\/\/topofclimb.es\/en\/product\/la-aviacion-militar-espanola-de-los-pioneros-al-poder-espacial\/","title":{"rendered":"La Aviaci\u00f3n Militar Espa\u00f1ola. De Los Pioneros Al Poder Espacial"},"content":{"rendered":"<p>La Aviaci\u00f3n Militar espa\u00f1ola comenz\u00f3 su desarrollo a principios del siglo XX gracias a unos audaces aviadores que, en los primitivos aeroplanos de entonces, empezaron a surcar los cielos de Espa\u00f1a y pronto se percataron de la importancia que en el futuro iba a tener el poder a\u00e9reo.<\/p>","protected":false},"excerpt":{"rendered":"<p>La Aviaci\u00f3n Militar espa\u00f1ola comenz\u00f3 su desarrollo a principios del siglo XX gracias a unos audaces aviadores que, en los primitivos aeroplanos de entonces, empezaron a surcar los cielos de Espa\u00f1a y pronto se percataron de la importancia que en el futuro iba a tener el poder a\u00e9reo.<\/p>","protected":false},"featured_media":17051,"template":"","meta":[],"product_brand":[],"product_cat":[301,128],"product_tag":[],"class_list":{"0":"post-17050","1":"product","2":"type-product","3":"status-publish","4":"has-post-thumbnail","6":"product_cat-aviacion","7":"product_cat-libros","9":"first","10":"instock","11":"taxable","12":"shipping-taxable","13":"purchasable","14":"product-type-simple"},"_links":{"self":[{"href":"https:\/\/topofclimb.es\/en\/wp-json\/wp\/v2\/product\/17050","targetHints":{"allow":["GET"]}}],"collection":[{"href":"https:\/\/topofclimb.es\/en\/wp-json\/wp\/v2\/product"}],"about":[{"href":"https:\/\/topofclimb.es\/en\/wp-json\/wp\/v2\/types\/product"}],"wp:featuredmedia":[{"embeddable":true,"href":"https:\/\/topofclimb.es\/en\/wp-json\/wp\/v2\/media\/17051"}],"wp:attachment":[{"href":"https:\/\/topofclimb.es\/en\/wp-json\/wp\/v2\/media?parent=17050"}],"wp:term":[{"taxonomy":"product_brand","embeddable":true,"href":"https:\/\/topofclimb.es\/en\/wp-json\/wp\/v2\/product_brand?post=17050"},{"taxonomy":"product_cat","embeddable":true,"href":"https:\/\/topofclimb.es\/en\/wp-json\/wp\/v2\/product_cat?post=17050"},{"taxonomy":"product_tag","embeddable":true,"href":"https:\/\/topofclimb.es\/en\/wp-json\/wp\/v2\/product_tag?post=17050"}],"curies":[{"name":"wp","href":"https:\/\/api.w.org\/{rel}","templated":true}]}}