{"id":16880,"date":"2024-12-19T07:50:01","date_gmt":"2024-12-19T07:50:01","guid":{"rendered":"https:\/?post_type=product&#038;p=16880"},"modified":"2026-03-01T13:09:26","modified_gmt":"2026-03-01T13:09:26","slug":"vehiculos-del-ejercito-de-juguete","status":"publish","type":"product","link":"https:\/\/topofclimb.es\/en\/product\/vehiculos-del-ejercito-de-juguete\/","title":{"rendered":"Veh\u00edculos del ej\u00e9rcito de juguete"},"content":{"rendered":"<p>Veh\u00edculos del ej\u00e9rcito de juguete en escala 1:64<\/p>\n<p>6 modelos a elegir.<\/p>","protected":false},"excerpt":{"rendered":"<p>Veh\u00edculos del ej\u00e9rcito de juguete en escala 1:64.<\/p>\n<p>6 modelos a elegir.<\/p>","protected":false},"featured_media":16881,"template":"","meta":[],"product_brand":[],"product_cat":[144],"product_tag":[],"class_list":{"0":"post-16880","1":"product","2":"type-product","3":"status-publish","4":"has-post-thumbnail","6":"product_cat-juguetes","8":"first","9":"instock","10":"taxable","11":"shipping-taxable","12":"purchasable","13":"product-type-variable"},"_links":{"self":[{"href":"https:\/\/topofclimb.es\/en\/wp-json\/wp\/v2\/product\/16880","targetHints":{"allow":["GET"]}}],"collection":[{"href":"https:\/\/topofclimb.es\/en\/wp-json\/wp\/v2\/product"}],"about":[{"href":"https:\/\/topofclimb.es\/en\/wp-json\/wp\/v2\/types\/product"}],"wp:featuredmedia":[{"embeddable":true,"href":"https:\/\/topofclimb.es\/en\/wp-json\/wp\/v2\/media\/16881"}],"wp:attachment":[{"href":"https:\/\/topofclimb.es\/en\/wp-json\/wp\/v2\/media?parent=16880"}],"wp:term":[{"taxonomy":"product_brand","embeddable":true,"href":"https:\/\/topofclimb.es\/en\/wp-json\/wp\/v2\/product_brand?post=16880"},{"taxonomy":"product_cat","embeddable":true,"href":"https:\/\/topofclimb.es\/en\/wp-json\/wp\/v2\/product_cat?post=16880"},{"taxonomy":"product_tag","embeddable":true,"href":"https:\/\/topofclimb.es\/en\/wp-json\/wp\/v2\/product_tag?post=16880"}],"curies":[{"name":"wp","href":"https:\/\/api.w.org\/{rel}","templated":true}]}}