{"id":16829,"date":"2024-12-18T16:22:33","date_gmt":"2024-12-18T16:22:33","guid":{"rendered":"https:\/?post_type=product&#038;p=16829"},"modified":"2026-02-25T12:29:06","modified_gmt":"2026-02-25T12:29:06","slug":"camiseta-raf","status":"publish","type":"product","link":"https:\/\/topofclimb.es\/en\/product\/camiseta-raf\/","title":{"rendered":"Camiseta RAF"},"content":{"rendered":"<h1>Camiseta RAF de 100% algod\u00f3n.<br \/>\nLa Real Fuerza A\u00e9rea (RAF) es la fuerza a\u00e9rea del Reino Unido. La m\u00e1s antigua fuerza a\u00e9rea en el mundo, formada el 1 de abril 1918.<\/h1>","protected":false},"excerpt":{"rendered":"<p>Camiseta RAF de 100% algod\u00f3n.<\/p>","protected":false},"featured_media":16833,"template":"","meta":[],"product_brand":[],"product_cat":[88,70],"product_tag":[],"class_list":{"0":"post-16829","1":"product","2":"type-product","3":"status-publish","4":"has-post-thumbnail","6":"product_cat-camisetas-2","7":"product_cat-ropa-sport","9":"first","10":"instock","11":"taxable","12":"shipping-taxable","13":"purchasable","14":"product-type-variable"},"_links":{"self":[{"href":"https:\/\/topofclimb.es\/en\/wp-json\/wp\/v2\/product\/16829","targetHints":{"allow":["GET"]}}],"collection":[{"href":"https:\/\/topofclimb.es\/en\/wp-json\/wp\/v2\/product"}],"about":[{"href":"https:\/\/topofclimb.es\/en\/wp-json\/wp\/v2\/types\/product"}],"wp:featuredmedia":[{"embeddable":true,"href":"https:\/\/topofclimb.es\/en\/wp-json\/wp\/v2\/media\/16833"}],"wp:attachment":[{"href":"https:\/\/topofclimb.es\/en\/wp-json\/wp\/v2\/media?parent=16829"}],"wp:term":[{"taxonomy":"product_brand","embeddable":true,"href":"https:\/\/topofclimb.es\/en\/wp-json\/wp\/v2\/product_brand?post=16829"},{"taxonomy":"product_cat","embeddable":true,"href":"https:\/\/topofclimb.es\/en\/wp-json\/wp\/v2\/product_cat?post=16829"},{"taxonomy":"product_tag","embeddable":true,"href":"https:\/\/topofclimb.es\/en\/wp-json\/wp\/v2\/product_tag?post=16829"}],"curies":[{"name":"wp","href":"https:\/\/api.w.org\/{rel}","templated":true}]}}