{"id":16765,"date":"2024-12-17T07:58:23","date_gmt":"2024-12-17T07:58:23","guid":{"rendered":"https:\/?post_type=product&#038;p=16765"},"modified":"2025-09-13T13:12:18","modified_gmt":"2025-09-13T13:12:18","slug":"reloj-analogico-follow-me","status":"publish","type":"product","link":"https:\/\/topofclimb.es\/en\/product\/reloj-analogico-follow-me\/","title":{"rendered":"Reloj Anal\u00f3gico FOLLOW ME"},"content":{"rendered":"<p>Reloj anal\u00f3gico con patr\u00f3n de cuadros y la leyenda FOLLOW ME.<\/p>","protected":false},"excerpt":{"rendered":"<p>Reloj anal\u00f3gico con patr\u00f3n de cuadros y la leyenda FOLLOW ME.<\/p>","protected":false},"featured_media":16766,"template":"","meta":[],"product_brand":[],"product_cat":[83],"product_tag":[],"class_list":{"0":"post-16765","1":"product","2":"type-product","3":"status-publish","4":"has-post-thumbnail","6":"product_cat-relojes","8":"first","9":"instock","10":"taxable","11":"shipping-taxable","12":"purchasable","13":"product-type-simple"},"_links":{"self":[{"href":"https:\/\/topofclimb.es\/en\/wp-json\/wp\/v2\/product\/16765","targetHints":{"allow":["GET"]}}],"collection":[{"href":"https:\/\/topofclimb.es\/en\/wp-json\/wp\/v2\/product"}],"about":[{"href":"https:\/\/topofclimb.es\/en\/wp-json\/wp\/v2\/types\/product"}],"wp:featuredmedia":[{"embeddable":true,"href":"https:\/\/topofclimb.es\/en\/wp-json\/wp\/v2\/media\/16766"}],"wp:attachment":[{"href":"https:\/\/topofclimb.es\/en\/wp-json\/wp\/v2\/media?parent=16765"}],"wp:term":[{"taxonomy":"product_brand","embeddable":true,"href":"https:\/\/topofclimb.es\/en\/wp-json\/wp\/v2\/product_brand?post=16765"},{"taxonomy":"product_cat","embeddable":true,"href":"https:\/\/topofclimb.es\/en\/wp-json\/wp\/v2\/product_cat?post=16765"},{"taxonomy":"product_tag","embeddable":true,"href":"https:\/\/topofclimb.es\/en\/wp-json\/wp\/v2\/product_tag?post=16765"}],"curies":[{"name":"wp","href":"https:\/\/api.w.org\/{rel}","templated":true}]}}