{"id":16758,"date":"2026-03-10T14:39:38","date_gmt":"2026-03-10T14:39:38","guid":{"rendered":"https:\/?post_type=product&#038;p=16758"},"modified":"2026-03-10T14:39:38","modified_gmt":"2026-03-10T14:39:38","slug":"sluban-avion-militar-de-la-armada-britanica","status":"publish","type":"product","link":"https:\/\/topofclimb.es\/en\/product\/sluban-avion-militar-de-la-armada-britanica\/","title":{"rendered":"Sluban Avi\u00f3n Militar de la Armada Brit\u00e1nica"},"content":{"rendered":"<p>Sluban Avi\u00f3n Militar de la Armada Brit\u00e1nica a piezas. Compatible con otras marcas de construcci\u00f3n.<\/p>","protected":false},"excerpt":{"rendered":"<p>Sluban Avi\u00f3n Militar de la Armada Brit\u00e1nica a piezas. Compatible con otras marcas de construcci\u00f3n.<\/p>","protected":false},"featured_media":16762,"template":"","meta":[],"product_brand":[],"product_cat":[166,144],"product_tag":[],"class_list":{"0":"post-16758","1":"product","2":"type-product","3":"status-publish","4":"has-post-thumbnail","6":"product_cat-construccion","7":"product_cat-juguetes","9":"first","10":"instock","11":"taxable","12":"shipping-taxable","13":"purchasable","14":"product-type-simple"},"_links":{"self":[{"href":"https:\/\/topofclimb.es\/en\/wp-json\/wp\/v2\/product\/16758","targetHints":{"allow":["GET"]}}],"collection":[{"href":"https:\/\/topofclimb.es\/en\/wp-json\/wp\/v2\/product"}],"about":[{"href":"https:\/\/topofclimb.es\/en\/wp-json\/wp\/v2\/types\/product"}],"wp:featuredmedia":[{"embeddable":true,"href":"https:\/\/topofclimb.es\/en\/wp-json\/wp\/v2\/media\/16762"}],"wp:attachment":[{"href":"https:\/\/topofclimb.es\/en\/wp-json\/wp\/v2\/media?parent=16758"}],"wp:term":[{"taxonomy":"product_brand","embeddable":true,"href":"https:\/\/topofclimb.es\/en\/wp-json\/wp\/v2\/product_brand?post=16758"},{"taxonomy":"product_cat","embeddable":true,"href":"https:\/\/topofclimb.es\/en\/wp-json\/wp\/v2\/product_cat?post=16758"},{"taxonomy":"product_tag","embeddable":true,"href":"https:\/\/topofclimb.es\/en\/wp-json\/wp\/v2\/product_tag?post=16758"}],"curies":[{"name":"wp","href":"https:\/\/api.w.org\/{rel}","templated":true}]}}