{"id":16720,"date":"2024-11-05T13:50:32","date_gmt":"2024-11-05T13:50:32","guid":{"rendered":"https:\/?post_type=product&#038;p=16720"},"modified":"2026-04-07T08:28:17","modified_gmt":"2026-04-07T08:28:17","slug":"parche-bordado-atletico-de-aviacion","status":"publish","type":"product","link":"https:\/\/topofclimb.es\/en\/product\/parche-bordado-atletico-de-aviacion\/","title":{"rendered":"Parche bordado Atl\u00e9tico de Aviaci\u00f3n"},"content":{"rendered":"<p>Parche bordado Atl\u00e9tico de aviaci\u00f3n<\/p>","protected":false},"excerpt":{"rendered":"<p>Parche bordado Atl\u00e9tico de aviaci\u00f3n<\/p>","protected":false},"featured_media":16717,"template":"","meta":[],"product_brand":[],"product_cat":[319,174],"product_tag":[],"class_list":{"0":"post-16720","1":"product","2":"type-product","3":"status-publish","4":"has-post-thumbnail","6":"product_cat-atletico-de-aviacion","7":"product_cat-parches","9":"first","10":"instock","11":"taxable","12":"shipping-taxable","13":"purchasable","14":"product-type-simple"},"_links":{"self":[{"href":"https:\/\/topofclimb.es\/en\/wp-json\/wp\/v2\/product\/16720","targetHints":{"allow":["GET"]}}],"collection":[{"href":"https:\/\/topofclimb.es\/en\/wp-json\/wp\/v2\/product"}],"about":[{"href":"https:\/\/topofclimb.es\/en\/wp-json\/wp\/v2\/types\/product"}],"wp:featuredmedia":[{"embeddable":true,"href":"https:\/\/topofclimb.es\/en\/wp-json\/wp\/v2\/media\/16717"}],"wp:attachment":[{"href":"https:\/\/topofclimb.es\/en\/wp-json\/wp\/v2\/media?parent=16720"}],"wp:term":[{"taxonomy":"product_brand","embeddable":true,"href":"https:\/\/topofclimb.es\/en\/wp-json\/wp\/v2\/product_brand?post=16720"},{"taxonomy":"product_cat","embeddable":true,"href":"https:\/\/topofclimb.es\/en\/wp-json\/wp\/v2\/product_cat?post=16720"},{"taxonomy":"product_tag","embeddable":true,"href":"https:\/\/topofclimb.es\/en\/wp-json\/wp\/v2\/product_tag?post=16720"}],"curies":[{"name":"wp","href":"https:\/\/api.w.org\/{rel}","templated":true}]}}