{"id":1419,"date":"2024-03-05T11:03:41","date_gmt":"2024-03-05T11:03:41","guid":{"rendered":"https:\/?post_type=product&#038;p=1419"},"modified":"2026-04-05T10:03:33","modified_gmt":"2026-04-05T10:03:33","slug":"lanyard-guardia-civil","status":"publish","type":"product","link":"https:\/\/topofclimb.es\/en\/product\/lanyard-guardia-civil\/","title":{"rendered":"Lanyard Guardia Civil"},"content":{"rendered":"<p>El lanyard es un art\u00edculo de merchandising muy utilizado en el mundo militar, gracias al lanyard siempre tendr\u00e1s a mano tu pase de identificaci\u00f3n, tambi\u00e9n puedes llevar tu smartphone, tu walkie, o peque\u00f1as herramientas que necesites tener a mano para tu trabajo. Con el sistema de cierre de mosquet\u00f3n met\u00e1lico siempre es f\u00e1cil manipular y tener acceso a tu lanyard.<\/p>","protected":false},"excerpt":{"rendered":"<p>El lanyard es un art\u00edculo de merchandising muy utilizado en el mundo militar, gracias al lanyard siempre tendr\u00e1s a mano tu pase de identificaci\u00f3n, tambi\u00e9n puedes llevar tu smartphone, tu walkie, o peque\u00f1as herramientas que necesites tener a mano para tu trabajo. Con el sistema de cierre de mosquet\u00f3n met\u00e1lico siempre es f\u00e1cil manipular y [&#8230;]\n","protected":false},"featured_media":1421,"template":"","meta":[],"product_brand":[],"product_cat":[310,201],"product_tag":[],"class_list":{"0":"post-1419","1":"product","2":"type-product","3":"status-publish","4":"has-post-thumbnail","6":"product_cat-guardia-civil","7":"product_cat-lanyard","9":"first","10":"outofstock","11":"taxable","12":"shipping-taxable","13":"purchasable","14":"product-type-simple"},"_links":{"self":[{"href":"https:\/\/topofclimb.es\/en\/wp-json\/wp\/v2\/product\/1419","targetHints":{"allow":["GET"]}}],"collection":[{"href":"https:\/\/topofclimb.es\/en\/wp-json\/wp\/v2\/product"}],"about":[{"href":"https:\/\/topofclimb.es\/en\/wp-json\/wp\/v2\/types\/product"}],"wp:featuredmedia":[{"embeddable":true,"href":"https:\/\/topofclimb.es\/en\/wp-json\/wp\/v2\/media\/1421"}],"wp:attachment":[{"href":"https:\/\/topofclimb.es\/en\/wp-json\/wp\/v2\/media?parent=1419"}],"wp:term":[{"taxonomy":"product_brand","embeddable":true,"href":"https:\/\/topofclimb.es\/en\/wp-json\/wp\/v2\/product_brand?post=1419"},{"taxonomy":"product_cat","embeddable":true,"href":"https:\/\/topofclimb.es\/en\/wp-json\/wp\/v2\/product_cat?post=1419"},{"taxonomy":"product_tag","embeddable":true,"href":"https:\/\/topofclimb.es\/en\/wp-json\/wp\/v2\/product_tag?post=1419"}],"curies":[{"name":"wp","href":"https:\/\/api.w.org\/{rel}","templated":true}]}}